{"id":272,"date":"2018-11-26T12:45:57","date_gmt":"2018-11-26T12:45:57","guid":{"rendered":"http:\/\/pizzawalaberlin.com\/about\/"},"modified":"2024-02-21T11:09:11","modified_gmt":"2024-02-21T11:09:11","slug":"about","status":"publish","type":"page","link":"https:\/\/pizzawalaberlin.com\/de\/about\/","title":{"rendered":"\u00dcber uns"},"content":{"rendered":"<div data-elementor-type=\"wp-post\" data-elementor-id=\"272\" class=\"elementor elementor-272\">\n\t\t\t\t\t\t<section class=\"elementor-section elementor-top-section elementor-element elementor-element-688ad38 elementor-section-content-middle elementor-section-boxed elementor-section-height-default elementor-section-height-default\" data-id=\"688ad38\" data-element_type=\"section\" data-settings=\"{&quot;background_background&quot;:&quot;classic&quot;}\">\n\t\t\t\t\t\t\t<div class=\"elementor-background-overlay\"><\/div>\n\t\t\t\t\t\t\t<div class=\"elementor-container elementor-column-gap-no\">\n\t\t\t\t\t<div class=\"elementor-column elementor-col-100 elementor-top-column elementor-element elementor-element-148e58a\" data-id=\"148e58a\" data-element_type=\"column\">\n\t\t\t<div class=\"elementor-widget-wrap\">\n\t\t\t\t\t\t\t<\/div>\n\t\t<\/div>\n\t\t\t\t\t<\/div>\n\t\t<\/section>\n\t\t\t\t<section class=\"elementor-section elementor-top-section elementor-element elementor-element-440936c elementor-section-boxed elementor-section-height-default elementor-section-height-default\" data-id=\"440936c\" data-element_type=\"section\">\n\t\t\t\t\t\t<div class=\"elementor-container elementor-column-gap-default\">\n\t\t\t\t\t<div class=\"elementor-column elementor-col-100 elementor-top-column elementor-element elementor-element-fb3dc5b\" data-id=\"fb3dc5b\" data-element_type=\"column\">\n\t\t\t<div class=\"elementor-widget-wrap elementor-element-populated\">\n\t\t\t\t\t\t<div class=\"elementor-element elementor-element-63d6de5 elementor-widget-divider--view-line elementor-widget elementor-widget-divider\" data-id=\"63d6de5\" data-element_type=\"widget\" data-widget_type=\"divider.default\">\n\t\t\t\t<div class=\"elementor-widget-container\">\n\t\t\t\t\t\t\t<div class=\"elementor-divider\">\n\t\t\t<span class=\"elementor-divider-separator\">\n\t\t\t\t\t\t<\/span>\n\t\t<\/div>\n\t\t\t\t\t\t<\/div>\n\t\t\t\t<\/div>\n\t\t\t\t\t<\/div>\n\t\t<\/div>\n\t\t\t\t\t<\/div>\n\t\t<\/section>\n\t\t\t\t<section class=\"elementor-section elementor-top-section elementor-element elementor-element-724ef83 elementor-section-boxed elementor-section-height-default elementor-section-height-default\" data-id=\"724ef83\" data-element_type=\"section\">\n\t\t\t\t\t\t<div class=\"elementor-container elementor-column-gap-default\">\n\t\t\t\t\t<div class=\"elementor-column elementor-col-100 elementor-top-column elementor-element elementor-element-0c86712\" data-id=\"0c86712\" data-element_type=\"column\">\n\t\t\t<div class=\"elementor-widget-wrap elementor-element-populated\">\n\t\t\t\t\t\t<div class=\"elementor-element elementor-element-7fc296d elementor-widget elementor-widget-heading\" data-id=\"7fc296d\" data-element_type=\"widget\" data-widget_type=\"heading.default\">\n\t\t\t\t<div class=\"elementor-widget-container\">\n\t\t\t\t\t<h2 class=\"elementor-heading-title elementor-size-default\">\u00dcber uns<\/h2>\t\t\t\t<\/div>\n\t\t\t\t<\/div>\n\t\t\t\t\t<\/div>\n\t\t<\/div>\n\t\t\t\t\t<\/div>\n\t\t<\/section>\n\t\t\t\t<section class=\"elementor-section elementor-top-section elementor-element elementor-element-533dc41 elementor-section-boxed elementor-section-height-default elementor-section-height-default\" data-id=\"533dc41\" data-element_type=\"section\">\n\t\t\t\t\t\t<div class=\"elementor-container elementor-column-gap-default\">\n\t\t\t\t\t<div class=\"elementor-column elementor-col-50 elementor-top-column elementor-element elementor-element-43c445f\" data-id=\"43c445f\" data-element_type=\"column\">\n\t\t\t<div class=\"elementor-widget-wrap elementor-element-populated\">\n\t\t\t\t\t\t<div class=\"elementor-element elementor-element-401802a elementor-position-top elementor-widget elementor-widget-image-box\" data-id=\"401802a\" data-element_type=\"widget\" data-widget_type=\"image-box.default\">\n\t\t\t\t<div class=\"elementor-widget-container\">\n\t\t\t\t\t<div class=\"elementor-image-box-wrapper\"><figure class=\"elementor-image-box-img\"><a href=\"https:\/\/pizzawalaberlin.com\/wp-content\/uploads\/2021\/05\/PXL_20210507_122553420.MP_-1.jpg\" tabindex=\"-1\"><img fetchpriority=\"high\" decoding=\"async\" width=\"1357\" height=\"1473\" src=\"https:\/\/pizzawalaberlin.com\/wp-content\/uploads\/2021\/05\/PXL_20210507_122553420.MP_-1.jpg\" class=\"elementor-animation-grow attachment-full size-full wp-image-854\" alt=\"\" srcset=\"https:\/\/pizzawalaberlin.com\/wp-content\/uploads\/2021\/05\/PXL_20210507_122553420.MP_-1.jpg 1357w, https:\/\/pizzawalaberlin.com\/wp-content\/uploads\/2021\/05\/PXL_20210507_122553420.MP_-1-276x300.jpg 276w, https:\/\/pizzawalaberlin.com\/wp-content\/uploads\/2021\/05\/PXL_20210507_122553420.MP_-1-943x1024.jpg 943w, https:\/\/pizzawalaberlin.com\/wp-content\/uploads\/2021\/05\/PXL_20210507_122553420.MP_-1-768x834.jpg 768w, https:\/\/pizzawalaberlin.com\/wp-content\/uploads\/2021\/05\/PXL_20210507_122553420.MP_-1-11x12.jpg 11w\" sizes=\"(max-width: 1357px) 100vw, 1357px\" \/><\/a><\/figure><div class=\"elementor-image-box-content\"><h3 class=\"elementor-image-box-title\"><a href=\"https:\/\/pizzawalaberlin.com\/wp-content\/uploads\/2021\/05\/PXL_20210507_122553420.MP_-1.jpg\">Lea Michaud<\/a><\/h3><p class=\"elementor-image-box-description\">Lea stammt aus einer kleinen Stadt im S\u00fcdwesten Frankreichs und ist rund um den Ofen aufgewachsen. Nachdem sie in Spanien und Indien studiert und gelebt hat, ist sie nun in Berlin ans\u00e4ssig, um das Familienerbe weiterzuf\u00fchren.<\/p><\/div><\/div>\t\t\t\t<\/div>\n\t\t\t\t<\/div>\n\t\t\t\t\t<\/div>\n\t\t<\/div>\n\t\t\t\t<div class=\"elementor-column elementor-col-50 elementor-top-column elementor-element elementor-element-abf91b7\" data-id=\"abf91b7\" data-element_type=\"column\">\n\t\t\t<div class=\"elementor-widget-wrap elementor-element-populated\">\n\t\t\t\t\t\t<div class=\"elementor-element elementor-element-8182eaf elementor-position-top elementor-widget elementor-widget-image-box\" data-id=\"8182eaf\" data-element_type=\"widget\" data-widget_type=\"image-box.default\">\n\t\t\t\t<div class=\"elementor-widget-container\">\n\t\t\t\t\t<div class=\"elementor-image-box-wrapper\"><figure class=\"elementor-image-box-img\"><a href=\"https:\/\/pizzawalaberlin.com\/wp-content\/uploads\/2021\/05\/PXL_20210421_093725100.MP_-rotated.jpg\" tabindex=\"-1\"><img decoding=\"async\" width=\"1632\" height=\"1224\" src=\"https:\/\/pizzawalaberlin.com\/wp-content\/uploads\/2021\/05\/PXL_20210421_093725100.MP_-rotated.jpg\" class=\"attachment-full size-full wp-image-855\" alt=\"\" srcset=\"https:\/\/pizzawalaberlin.com\/wp-content\/uploads\/2021\/05\/PXL_20210421_093725100.MP_-rotated.jpg 1632w, https:\/\/pizzawalaberlin.com\/wp-content\/uploads\/2021\/05\/PXL_20210421_093725100.MP_-300x225.jpg 300w, https:\/\/pizzawalaberlin.com\/wp-content\/uploads\/2021\/05\/PXL_20210421_093725100.MP_-1024x768.jpg 1024w, https:\/\/pizzawalaberlin.com\/wp-content\/uploads\/2021\/05\/PXL_20210421_093725100.MP_-768x576.jpg 768w, https:\/\/pizzawalaberlin.com\/wp-content\/uploads\/2021\/05\/PXL_20210421_093725100.MP_-1536x1152.jpg 1536w, https:\/\/pizzawalaberlin.com\/wp-content\/uploads\/2021\/05\/PXL_20210421_093725100.MP_-16x12.jpg 16w\" sizes=\"(max-width: 1632px) 100vw, 1632px\" \/><\/a><\/figure><div class=\"elementor-image-box-content\"><h3 class=\"elementor-image-box-title\"><a href=\"https:\/\/pizzawalaberlin.com\/wp-content\/uploads\/2021\/05\/PXL_20210421_093725100.MP_-rotated.jpg\">Dylan Imhoff<\/a><\/h3><p class=\"elementor-image-box-description\">Dylan ist in Auroville, Indien, geboren und aufgewachsen. Auf der Suche nach neuen Erfahrungen kam er nach Berlin. Nach den Jahren im Pizzagesch\u00e4ft konnte er nicht mehr wegbleiben und kann es nun kaum erwarten, Ihnen eine wirklich geile Pizza anzubieten!<\/p><\/div><\/div>\t\t\t\t<\/div>\n\t\t\t\t<\/div>\n\t\t\t\t\t<\/div>\n\t\t<\/div>\n\t\t\t\t\t<\/div>\n\t\t<\/section>\n\t\t\t\t<section class=\"elementor-section elementor-top-section elementor-element elementor-element-03e00e7 elementor-section-boxed elementor-section-height-default elementor-section-height-default\" data-id=\"03e00e7\" data-element_type=\"section\">\n\t\t\t\t\t\t<div class=\"elementor-container elementor-column-gap-default\">\n\t\t\t\t\t<div class=\"elementor-column elementor-col-100 elementor-top-column elementor-element elementor-element-5c377ad\" data-id=\"5c377ad\" data-element_type=\"column\">\n\t\t\t<div class=\"elementor-widget-wrap elementor-element-populated\">\n\t\t\t\t\t\t<div class=\"elementor-element elementor-element-7af7d44 elementor-widget elementor-widget-heading\" data-id=\"7af7d44\" data-element_type=\"widget\" data-widget_type=\"heading.default\">\n\t\t\t\t<div class=\"elementor-widget-container\">\n\t\t\t\t\t<h2 class=\"elementor-heading-title elementor-size-default\"><h2 class=\"elementor-heading-title elementor-size-default elementor-inline-editing pen\" data-elementor-setting-key=\"title\" data-pen-placeholder=\"Type Here...\" style=\"font-style: normal;font-weight: 900\">\u00dcber uns<\/h2><\/h2>\t\t\t\t<\/div>\n\t\t\t\t<\/div>\n\t\t\t\t\t<\/div>\n\t\t<\/div>\n\t\t\t\t\t<\/div>\n\t\t<\/section>\n\t\t\t\t<section class=\"elementor-section elementor-top-section elementor-element elementor-element-54812b6 elementor-section-boxed elementor-section-height-default elementor-section-height-default\" data-id=\"54812b6\" data-element_type=\"section\">\n\t\t\t\t\t\t<div class=\"elementor-container elementor-column-gap-default\">\n\t\t\t\t\t<div class=\"elementor-column elementor-col-100 elementor-top-column elementor-element elementor-element-0ef24a5\" data-id=\"0ef24a5\" data-element_type=\"column\">\n\t\t\t<div class=\"elementor-widget-wrap elementor-element-populated\">\n\t\t\t\t\t\t<div class=\"elementor-element elementor-element-37b49ad elementor-widget elementor-widget-image\" data-id=\"37b49ad\" data-element_type=\"widget\" data-widget_type=\"image.default\">\n\t\t\t\t<div class=\"elementor-widget-container\">\n\t\t\t\t\t\t\t\t\t\t\t\t\t\t\t\t<a href=\"https:\/\/pizzawalaberlin.com\/wp-content\/uploads\/2021\/05\/PXL_20210322_135037082.MP_.jpg\" data-elementor-open-lightbox=\"yes\" data-elementor-lightbox-title=\"Dylan and Lea\" data-e-action-hash=\"#elementor-action%3Aaction%3Dlightbox%26settings%3DeyJpZCI6ODU2LCJ1cmwiOiJodHRwczpcL1wvcGl6emF3YWxhYmVybGluLmNvbVwvd3AtY29udGVudFwvdXBsb2Fkc1wvMjAyMVwvMDVcL1BYTF8yMDIxMDMyMl8xMzUwMzcwODIuTVBfLmpwZyJ9\">\n\t\t\t\t\t\t\t<img decoding=\"async\" width=\"277\" height=\"300\" src=\"https:\/\/pizzawalaberlin.com\/wp-content\/uploads\/2021\/05\/PXL_20210322_135037082.MP_-277x300.jpg\" class=\"attachment-medium size-medium wp-image-856\" alt=\"\" srcset=\"https:\/\/pizzawalaberlin.com\/wp-content\/uploads\/2021\/05\/PXL_20210322_135037082.MP_-277x300.jpg 277w, https:\/\/pizzawalaberlin.com\/wp-content\/uploads\/2021\/05\/PXL_20210322_135037082.MP_-946x1024.jpg 946w, https:\/\/pizzawalaberlin.com\/wp-content\/uploads\/2021\/05\/PXL_20210322_135037082.MP_-768x831.jpg 768w, https:\/\/pizzawalaberlin.com\/wp-content\/uploads\/2021\/05\/PXL_20210322_135037082.MP_-1419x1536.jpg 1419w, https:\/\/pizzawalaberlin.com\/wp-content\/uploads\/2021\/05\/PXL_20210322_135037082.MP_-1892x2048.jpg 1892w, https:\/\/pizzawalaberlin.com\/wp-content\/uploads\/2021\/05\/PXL_20210322_135037082.MP_-11x12.jpg 11w, https:\/\/pizzawalaberlin.com\/wp-content\/uploads\/2021\/05\/PXL_20210322_135037082.MP_.jpg 1922w\" sizes=\"(max-width: 277px) 100vw, 277px\" \/>\t\t\t\t\t\t\t\t<\/a>\n\t\t\t\t\t\t\t\t\t\t\t\t\t\t\t<\/div>\n\t\t\t\t<\/div>\n\t\t\t\t\t<\/div>\n\t\t<\/div>\n\t\t\t\t\t<\/div>\n\t\t<\/section>\n\t\t\t\t<section class=\"elementor-section elementor-top-section elementor-element elementor-element-303906c elementor-section-content-top elementor-section-boxed elementor-section-height-default elementor-section-height-default\" data-id=\"303906c\" data-element_type=\"section\">\n\t\t\t\t\t\t<div class=\"elementor-container elementor-column-gap-no\">\n\t\t\t\t\t<div class=\"elementor-column elementor-col-100 elementor-top-column elementor-element elementor-element-d067b90\" data-id=\"d067b90\" data-element_type=\"column\">\n\t\t\t<div class=\"elementor-widget-wrap elementor-element-populated\">\n\t\t\t\t\t\t<div class=\"elementor-element elementor-element-c3c1f36 elementor-widget elementor-widget-heading\" data-id=\"c3c1f36\" data-element_type=\"widget\" data-widget_type=\"heading.default\">\n\t\t\t\t<div class=\"elementor-widget-container\">\n\t\t\t\t\t<h3 class=\"elementor-heading-title elementor-size-default\">Pizza war schon immer in der Familie, unsere Rezepte wurden von Leas Vater weitergegeben und jetzt streben wir danach, Ihnen die gleiche Exzellenz zu bieten.<\/h3>\t\t\t\t<\/div>\n\t\t\t\t<\/div>\n\t\t\t\t<div class=\"elementor-element elementor-element-a2dcc47 elementor-widget elementor-widget-text-editor\" data-id=\"a2dcc47\" data-element_type=\"widget\" data-widget_type=\"text-editor.default\">\n\t\t\t\t<div class=\"elementor-widget-container\">\n\t\t\t\t\t\t\t\t\t<p>Leas Vater Gerard Michaud besa\u00df eine Pizzeria in der kleinen franz\u00f6sischen Stadt Moustiers-Sainte-Marie. Er gab die Freude an der Herstellung von Qualit\u00e4tspizza an seine Kinder Lea und Leo Michaud weiter. Gemeinsam gr\u00fcndeten Leo und Gerard die erfolgreiche Pizzeria in Goa, Indien - Baba au Rhum.  Leo baute daraufhin den ersten Truck und rockt seit 20 Jahren die Festivals wie die Fusion im Berliner Raum, da sind wir eingestiegen.\u00a0\u00a0<\/p>\t\t\t\t\t\t\t\t<\/div>\n\t\t\t\t<\/div>\n\t\t\t\t<div class=\"elementor-element elementor-element-237b3ab elementor-widget elementor-widget-text-editor\" data-id=\"237b3ab\" data-element_type=\"widget\" data-widget_type=\"text-editor.default\">\n\t\t\t\t<div class=\"elementor-widget-container\">\n\t\t\t\t\t\t\t\t\t<p>Nachdem wir den Ozean der B\u00fcrokratie durchschritten hatten, kauften wir den Truck und damit begann der Spa\u00df. Wir sind der Meinung, dass man seinen Truck am besten in- und auswendig kennt, wenn man ihn selbst baut. Nach einem gro\u00dfen Abenteuer voller toller Lernerfahrungen und guter Zeiten sind wir so gl\u00fccklich mit dem, was wir geschaffen haben und m\u00f6chten es nun mit Ihnen allen teilen.&nbsp;<\/p>\t\t\t\t\t\t\t\t<\/div>\n\t\t\t\t<\/div>\n\t\t\t\t\t<\/div>\n\t\t<\/div>\n\t\t\t\t\t<\/div>\n\t\t<\/section>\n\t\t\t\t<\/div>","protected":false},"excerpt":{"rendered":"<p>About Us Lea Michaud Lea is from a small town in the southwest of France and grew up around the oven. After having studied and lived in Spain and India she is now settled in Berlin to carry on the family legacy. Dylan Imhoff Dylan was born and raised in Auroville, India and looking for &hellip;<\/p>\n<p class=\"read-more\"> <a class=\"\" href=\"https:\/\/pizzawalaberlin.com\/de\/about\/\"> <span class=\"screen-reader-text\">\u00dcber uns<\/span> Weiterlesen &raquo;<\/a><\/p>","protected":false},"author":1,"featured_media":0,"parent":0,"menu_order":0,"comment_status":"closed","ping_status":"closed","template":"","meta":{"footnotes":""},"class_list":["post-272","page","type-page","status-publish","hentry"],"yoast_head":"<!-- This site is optimized with the Yoast SEO plugin v26.9 - https:\/\/yoast.com\/product\/yoast-seo-wordpress\/ -->\n<title>About - Pizza Wala<\/title>\n<meta name=\"robots\" content=\"index, follow, max-snippet:-1, max-image-preview:large, max-video-preview:-1\" \/>\n<link rel=\"canonical\" href=\"https:\/\/pizzawalaberlin.com\/de\/about\/\" \/>\n<meta property=\"og:locale\" content=\"de_DE\" \/>\n<meta property=\"og:type\" content=\"article\" \/>\n<meta property=\"og:title\" content=\"About - Pizza Wala\" \/>\n<meta property=\"og:description\" content=\"About Us Lea Michaud Lea is from a small town in the southwest of France and grew up around the oven. After having studied and lived in Spain and India she is now settled in Berlin to carry on the family legacy. Dylan Imhoff Dylan was born and raised in Auroville, India and looking for &hellip; About Weiterlesen &raquo;\" \/>\n<meta property=\"og:url\" content=\"https:\/\/pizzawalaberlin.com\/de\/about\/\" \/>\n<meta property=\"og:site_name\" content=\"Pizza Wala\" \/>\n<meta property=\"article:publisher\" content=\"https:\/\/www.facebook.com\/PizzaWalaBerlin\/\" \/>\n<meta property=\"article:modified_time\" content=\"2024-02-21T11:09:11+00:00\" \/>\n<meta property=\"og:image\" content=\"https:\/\/pizzawalaberlin.com\/wp-content\/uploads\/2021\/05\/PXL_20210507_122553420.MP_-1.jpg\" \/>\n<meta name=\"twitter:card\" content=\"summary_large_image\" \/>\n<meta name=\"twitter:label1\" content=\"Gesch\u00e4tzte Lesezeit\" \/>\n\t<meta name=\"twitter:data1\" content=\"1\u00a0Minute\" \/>\n<script type=\"application\/ld+json\" class=\"yoast-schema-graph\">{\"@context\":\"https:\/\/schema.org\",\"@graph\":[{\"@type\":\"WebPage\",\"@id\":\"https:\/\/pizzawalaberlin.com\/about\/\",\"url\":\"https:\/\/pizzawalaberlin.com\/about\/\",\"name\":\"About - Pizza Wala\",\"isPartOf\":{\"@id\":\"https:\/\/pizzawalaberlin.com\/#website\"},\"primaryImageOfPage\":{\"@id\":\"https:\/\/pizzawalaberlin.com\/about\/#primaryimage\"},\"image\":{\"@id\":\"https:\/\/pizzawalaberlin.com\/about\/#primaryimage\"},\"thumbnailUrl\":\"https:\/\/pizzawalaberlin.com\/wp-content\/uploads\/2021\/05\/PXL_20210507_122553420.MP_-1.jpg\",\"datePublished\":\"2018-11-26T12:45:57+00:00\",\"dateModified\":\"2024-02-21T11:09:11+00:00\",\"breadcrumb\":{\"@id\":\"https:\/\/pizzawalaberlin.com\/about\/#breadcrumb\"},\"inLanguage\":\"de\",\"potentialAction\":[{\"@type\":\"ReadAction\",\"target\":[\"https:\/\/pizzawalaberlin.com\/about\/\"]}]},{\"@type\":\"ImageObject\",\"inLanguage\":\"de\",\"@id\":\"https:\/\/pizzawalaberlin.com\/about\/#primaryimage\",\"url\":\"https:\/\/pizzawalaberlin.com\/wp-content\/uploads\/2021\/05\/PXL_20210507_122553420.MP_-1.jpg\",\"contentUrl\":\"https:\/\/pizzawalaberlin.com\/wp-content\/uploads\/2021\/05\/PXL_20210507_122553420.MP_-1.jpg\"},{\"@type\":\"BreadcrumbList\",\"@id\":\"https:\/\/pizzawalaberlin.com\/about\/#breadcrumb\",\"itemListElement\":[{\"@type\":\"ListItem\",\"position\":1,\"name\":\"Home\",\"item\":\"https:\/\/pizzawalaberlin.com\/\"},{\"@type\":\"ListItem\",\"position\":2,\"name\":\"About\"}]},{\"@type\":\"WebSite\",\"@id\":\"https:\/\/pizzawalaberlin.com\/#website\",\"url\":\"https:\/\/pizzawalaberlin.com\/\",\"name\":\"Pizza Wala Berlin\",\"description\":\"mobile Wood fired Pizza truck\",\"publisher\":{\"@id\":\"https:\/\/pizzawalaberlin.com\/#organization\"},\"potentialAction\":[{\"@type\":\"SearchAction\",\"target\":{\"@type\":\"EntryPoint\",\"urlTemplate\":\"https:\/\/pizzawalaberlin.com\/?s={search_term_string}\"},\"query-input\":{\"@type\":\"PropertyValueSpecification\",\"valueRequired\":true,\"valueName\":\"search_term_string\"}}],\"inLanguage\":\"de\"},{\"@type\":\"Organization\",\"@id\":\"https:\/\/pizzawalaberlin.com\/#organization\",\"name\":\"Pizza Wala Berlin - Pizza Truck\",\"url\":\"https:\/\/pizzawalaberlin.com\/\",\"logo\":{\"@type\":\"ImageObject\",\"inLanguage\":\"de\",\"@id\":\"https:\/\/pizzawalaberlin.com\/#\/schema\/logo\/image\/\",\"url\":\"https:\/\/pizzawalaberlin.com\/wp-content\/uploads\/2021\/08\/cropped-210806_PW_LOGO_V1.0_RGB-4.png\",\"contentUrl\":\"https:\/\/pizzawalaberlin.com\/wp-content\/uploads\/2021\/08\/cropped-210806_PW_LOGO_V1.0_RGB-4.png\",\"width\":512,\"height\":512,\"caption\":\"Pizza Wala Berlin - Pizza Truck\"},\"image\":{\"@id\":\"https:\/\/pizzawalaberlin.com\/#\/schema\/logo\/image\/\"},\"sameAs\":[\"https:\/\/www.facebook.com\/PizzaWalaBerlin\/\",\"https:\/\/www.instagram.com\/pizza_wala_berlin\/\"]}]}<\/script>\n<!-- \/ Yoast SEO plugin. -->","yoast_head_json":{"title":"About - Pizza Wala","robots":{"index":"index","follow":"follow","max-snippet":"max-snippet:-1","max-image-preview":"max-image-preview:large","max-video-preview":"max-video-preview:-1"},"canonical":"https:\/\/pizzawalaberlin.com\/de\/about\/","og_locale":"de_DE","og_type":"article","og_title":"About - Pizza Wala","og_description":"About Us Lea Michaud Lea is from a small town in the southwest of France and grew up around the oven. After having studied and lived in Spain and India she is now settled in Berlin to carry on the family legacy. Dylan Imhoff Dylan was born and raised in Auroville, India and looking for &hellip; About Weiterlesen &raquo;","og_url":"https:\/\/pizzawalaberlin.com\/de\/about\/","og_site_name":"Pizza Wala","article_publisher":"https:\/\/www.facebook.com\/PizzaWalaBerlin\/","article_modified_time":"2024-02-21T11:09:11+00:00","og_image":[{"url":"https:\/\/pizzawalaberlin.com\/wp-content\/uploads\/2021\/05\/PXL_20210507_122553420.MP_-1.jpg","type":"","width":"","height":""}],"twitter_card":"summary_large_image","twitter_misc":{"Gesch\u00e4tzte Lesezeit":"1\u00a0Minute"},"schema":{"@context":"https:\/\/schema.org","@graph":[{"@type":"WebPage","@id":"https:\/\/pizzawalaberlin.com\/about\/","url":"https:\/\/pizzawalaberlin.com\/about\/","name":"About - Pizza Wala","isPartOf":{"@id":"https:\/\/pizzawalaberlin.com\/#website"},"primaryImageOfPage":{"@id":"https:\/\/pizzawalaberlin.com\/about\/#primaryimage"},"image":{"@id":"https:\/\/pizzawalaberlin.com\/about\/#primaryimage"},"thumbnailUrl":"https:\/\/pizzawalaberlin.com\/wp-content\/uploads\/2021\/05\/PXL_20210507_122553420.MP_-1.jpg","datePublished":"2018-11-26T12:45:57+00:00","dateModified":"2024-02-21T11:09:11+00:00","breadcrumb":{"@id":"https:\/\/pizzawalaberlin.com\/about\/#breadcrumb"},"inLanguage":"de","potentialAction":[{"@type":"ReadAction","target":["https:\/\/pizzawalaberlin.com\/about\/"]}]},{"@type":"ImageObject","inLanguage":"de","@id":"https:\/\/pizzawalaberlin.com\/about\/#primaryimage","url":"https:\/\/pizzawalaberlin.com\/wp-content\/uploads\/2021\/05\/PXL_20210507_122553420.MP_-1.jpg","contentUrl":"https:\/\/pizzawalaberlin.com\/wp-content\/uploads\/2021\/05\/PXL_20210507_122553420.MP_-1.jpg"},{"@type":"BreadcrumbList","@id":"https:\/\/pizzawalaberlin.com\/about\/#breadcrumb","itemListElement":[{"@type":"ListItem","position":1,"name":"Home","item":"https:\/\/pizzawalaberlin.com\/"},{"@type":"ListItem","position":2,"name":"About"}]},{"@type":"WebSite","@id":"https:\/\/pizzawalaberlin.com\/#website","url":"https:\/\/pizzawalaberlin.com\/","name":"Pizza Wala Berlin","description":"mobile Wood fired Pizza truck","publisher":{"@id":"https:\/\/pizzawalaberlin.com\/#organization"},"potentialAction":[{"@type":"SearchAction","target":{"@type":"EntryPoint","urlTemplate":"https:\/\/pizzawalaberlin.com\/?s={search_term_string}"},"query-input":{"@type":"PropertyValueSpecification","valueRequired":true,"valueName":"search_term_string"}}],"inLanguage":"de"},{"@type":"Organization","@id":"https:\/\/pizzawalaberlin.com\/#organization","name":"Pizza Wala Berlin - Pizza Truck","url":"https:\/\/pizzawalaberlin.com\/","logo":{"@type":"ImageObject","inLanguage":"de","@id":"https:\/\/pizzawalaberlin.com\/#\/schema\/logo\/image\/","url":"https:\/\/pizzawalaberlin.com\/wp-content\/uploads\/2021\/08\/cropped-210806_PW_LOGO_V1.0_RGB-4.png","contentUrl":"https:\/\/pizzawalaberlin.com\/wp-content\/uploads\/2021\/08\/cropped-210806_PW_LOGO_V1.0_RGB-4.png","width":512,"height":512,"caption":"Pizza Wala Berlin - Pizza Truck"},"image":{"@id":"https:\/\/pizzawalaberlin.com\/#\/schema\/logo\/image\/"},"sameAs":["https:\/\/www.facebook.com\/PizzaWalaBerlin\/","https:\/\/www.instagram.com\/pizza_wala_berlin\/"]}]}},"_links":{"self":[{"href":"https:\/\/pizzawalaberlin.com\/de\/wp-json\/wp\/v2\/pages\/272","targetHints":{"allow":["GET"]}}],"collection":[{"href":"https:\/\/pizzawalaberlin.com\/de\/wp-json\/wp\/v2\/pages"}],"about":[{"href":"https:\/\/pizzawalaberlin.com\/de\/wp-json\/wp\/v2\/types\/page"}],"author":[{"embeddable":true,"href":"https:\/\/pizzawalaberlin.com\/de\/wp-json\/wp\/v2\/users\/1"}],"replies":[{"embeddable":true,"href":"https:\/\/pizzawalaberlin.com\/de\/wp-json\/wp\/v2\/comments?post=272"}],"version-history":[{"count":111,"href":"https:\/\/pizzawalaberlin.com\/de\/wp-json\/wp\/v2\/pages\/272\/revisions"}],"predecessor-version":[{"id":2333,"href":"https:\/\/pizzawalaberlin.com\/de\/wp-json\/wp\/v2\/pages\/272\/revisions\/2333"}],"wp:attachment":[{"href":"https:\/\/pizzawalaberlin.com\/de\/wp-json\/wp\/v2\/media?parent=272"}],"curies":[{"name":"wp","href":"https:\/\/api.w.org\/{rel}","templated":true}]}}