{"id":1444,"date":"2021-07-23T11:11:36","date_gmt":"2021-07-23T11:11:36","guid":{"rendered":"https:\/\/pizzawalaberlin.com\/?page_id=1444"},"modified":"2024-02-28T13:22:36","modified_gmt":"2024-02-28T13:22:36","slug":"our-menu","status":"publish","type":"page","link":"https:\/\/pizzawalaberlin.com\/de\/our-menu\/","title":{"rendered":"Unser Speisekarte"},"content":{"rendered":"<div data-elementor-type=\"wp-page\" data-elementor-id=\"1444\" class=\"elementor elementor-1444\">\n\t\t\t\t\t\t<section class=\"elementor-section elementor-top-section elementor-element elementor-element-bb2efde elementor-section-content-middle elementor-section-boxed elementor-section-height-default elementor-section-height-default\" data-id=\"bb2efde\" data-element_type=\"section\" data-settings=\"{&quot;background_background&quot;:&quot;classic&quot;}\">\n\t\t\t\t\t\t\t<div class=\"elementor-background-overlay\"><\/div>\n\t\t\t\t\t\t\t<div class=\"elementor-container elementor-column-gap-default\">\n\t\t\t\t\t<div class=\"elementor-column elementor-col-100 elementor-top-column elementor-element elementor-element-a5fcda3\" data-id=\"a5fcda3\" data-element_type=\"column\">\n\t\t\t<div class=\"elementor-widget-wrap\">\n\t\t\t\t\t\t\t<\/div>\n\t\t<\/div>\n\t\t\t\t\t<\/div>\n\t\t<\/section>\n\t\t\t\t<section class=\"elementor-section elementor-top-section elementor-element elementor-element-e078dcd elementor-section-boxed elementor-section-height-default elementor-section-height-default\" data-id=\"e078dcd\" data-element_type=\"section\">\n\t\t\t\t\t\t<div class=\"elementor-container elementor-column-gap-default\">\n\t\t\t\t\t<div class=\"elementor-column elementor-col-100 elementor-top-column elementor-element elementor-element-c698990\" data-id=\"c698990\" data-element_type=\"column\">\n\t\t\t<div class=\"elementor-widget-wrap elementor-element-populated\">\n\t\t\t\t\t\t<div class=\"elementor-element elementor-element-53320ac elementor-widget elementor-widget-heading\" data-id=\"53320ac\" data-element_type=\"widget\" data-widget_type=\"heading.default\">\n\t\t\t\t<div class=\"elementor-widget-container\">\n\t\t\t\t\t<h2 class=\"elementor-heading-title elementor-size-default\">Unser Speisekarte<\/h2>\t\t\t\t<\/div>\n\t\t\t\t<\/div>\n\t\t\t\t\t<\/div>\n\t\t<\/div>\n\t\t\t\t\t<\/div>\n\t\t<\/section>\n\t\t\t\t<section class=\"elementor-section elementor-top-section elementor-element elementor-element-7b282af elementor-section-boxed elementor-section-height-default elementor-section-height-default\" data-id=\"7b282af\" data-element_type=\"section\">\n\t\t\t\t\t\t<div class=\"elementor-container elementor-column-gap-default\">\n\t\t\t\t\t<div class=\"elementor-column elementor-col-100 elementor-top-column elementor-element elementor-element-eda39bd\" data-id=\"eda39bd\" data-element_type=\"column\">\n\t\t\t<div class=\"elementor-widget-wrap elementor-element-populated\">\n\t\t\t\t\t\t<div class=\"elementor-element elementor-element-2249276 elementor-widget elementor-widget-text-editor\" data-id=\"2249276\" data-element_type=\"widget\" data-widget_type=\"text-editor.default\">\n\t\t\t\t<div class=\"elementor-widget-container\">\n\t\t\t\t\t\t\t\t\t<p>M\u00f6chten Sie Ihre G\u00e4ste begeistern? Wie w\u00e4re es mit einem Holzbefeuerte \"Live-cooking\" Erlebnis? Klingt gut? Sprechen Sie uns an f\u00fcr einen unverbindlichen Angebot.<\/p>\t\t\t\t\t\t\t\t<\/div>\n\t\t\t\t<\/div>\n\t\t\t\t<div class=\"elementor-element elementor-element-893ae83 elementor-align-center elementor-widget elementor-widget-button\" data-id=\"893ae83\" data-element_type=\"widget\" data-widget_type=\"button.default\">\n\t\t\t\t<div class=\"elementor-widget-container\">\n\t\t\t\t\t\t\t\t\t<div class=\"elementor-button-wrapper\">\n\t\t\t\t\t<a class=\"elementor-button elementor-button-link elementor-size-sm\" href=\"https:\/\/pizzawalaberlin.com\/de\/book-us\/\">\n\t\t\t\t\t\t<span class=\"elementor-button-content-wrapper\">\n\t\t\t\t\t\t\t\t\t<span class=\"elementor-button-text\">Buchen Sie uns<\/span>\n\t\t\t\t\t<\/span>\n\t\t\t\t\t<\/a>\n\t\t\t\t<\/div>\n\t\t\t\t\t\t\t\t<\/div>\n\t\t\t\t<\/div>\n\t\t\t\t\t<\/div>\n\t\t<\/div>\n\t\t\t\t\t<\/div>\n\t\t<\/section>\n\t\t\t\t<section class=\"elementor-section elementor-top-section elementor-element elementor-element-f83f98b elementor-section-boxed elementor-section-height-default elementor-section-height-default\" data-id=\"f83f98b\" data-element_type=\"section\">\n\t\t\t\t\t\t<div class=\"elementor-container elementor-column-gap-default\">\n\t\t\t\t\t<div class=\"elementor-column elementor-col-100 elementor-top-column elementor-element elementor-element-d5018ef\" data-id=\"d5018ef\" data-element_type=\"column\">\n\t\t\t<div class=\"elementor-widget-wrap elementor-element-populated\">\n\t\t\t\t\t\t<div class=\"elementor-element elementor-element-d7e4261 elementor-widget elementor-widget-text-editor\" data-id=\"d7e4261\" data-element_type=\"widget\" data-widget_type=\"text-editor.default\">\n\t\t\t\t<div class=\"elementor-widget-container\">\n\t\t\t\t\t\t\t\t\t<p>Take our menu as an orientation, we try to be as flexible as we can be and work with our together with you to create an unforgettable experience for your guests. So if you have any special requests, just let us know.\u00a0<\/p>\t\t\t\t\t\t\t\t<\/div>\n\t\t\t\t<\/div>\n\t\t\t\t<div class=\"elementor-element elementor-element-f30a881 elementor-widget-divider--view-line elementor-widget elementor-widget-divider\" data-id=\"f30a881\" data-element_type=\"widget\" data-widget_type=\"divider.default\">\n\t\t\t\t<div class=\"elementor-widget-container\">\n\t\t\t\t\t\t\t<div class=\"elementor-divider\">\n\t\t\t<span class=\"elementor-divider-separator\">\n\t\t\t\t\t\t<\/span>\n\t\t<\/div>\n\t\t\t\t\t\t<\/div>\n\t\t\t\t<\/div>\n\t\t\t\t\t<\/div>\n\t\t<\/div>\n\t\t\t\t\t<\/div>\n\t\t<\/section>\n\t\t\t\t<section class=\"elementor-section elementor-top-section elementor-element elementor-element-a27a3d5 elementor-section-boxed elementor-section-height-default elementor-section-height-default\" data-id=\"a27a3d5\" data-element_type=\"section\">\n\t\t\t\t\t\t<div class=\"elementor-container elementor-column-gap-default\">\n\t\t\t\t\t<div class=\"elementor-column elementor-col-50 elementor-top-column elementor-element elementor-element-5b69a3e\" data-id=\"5b69a3e\" data-element_type=\"column\">\n\t\t\t<div class=\"elementor-widget-wrap elementor-element-populated\">\n\t\t\t\t\t\t<div class=\"elementor-element elementor-element-02b3da1 elementor-widget elementor-widget-image\" data-id=\"02b3da1\" data-element_type=\"widget\" data-widget_type=\"image.default\">\n\t\t\t\t<div class=\"elementor-widget-container\">\n\t\t\t\t\t\t\t\t\t\t\t\t\t\t\t\t<a href=\"https:\/\/pizzawalaberlin.com\/wp-content\/uploads\/2022\/01\/Unser-Speisekarte.jpg\" data-elementor-open-lightbox=\"yes\" data-elementor-lightbox-title=\"Unser Speisekarte\" data-e-action-hash=\"#elementor-action%3Aaction%3Dlightbox%26settings%3DeyJpZCI6MTgyMCwidXJsIjoiaHR0cHM6XC9cL3Bpenphd2FsYWJlcmxpbi5jb21cL3dwLWNvbnRlbnRcL3VwbG9hZHNcLzIwMjJcLzAxXC9VbnNlci1TcGVpc2VrYXJ0ZS5qcGcifQ%3D%3D\">\n\t\t\t\t\t\t\t<img fetchpriority=\"high\" decoding=\"async\" width=\"1024\" height=\"724\" src=\"https:\/\/pizzawalaberlin.com\/wp-content\/uploads\/2022\/01\/Unser-Speisekarte-1024x724.jpg\" class=\"attachment-large size-large wp-image-1820\" alt=\"\" srcset=\"https:\/\/pizzawalaberlin.com\/wp-content\/uploads\/2022\/01\/Unser-Speisekarte-1024x724.jpg 1024w, https:\/\/pizzawalaberlin.com\/wp-content\/uploads\/2022\/01\/Unser-Speisekarte-300x212.jpg 300w, https:\/\/pizzawalaberlin.com\/wp-content\/uploads\/2022\/01\/Unser-Speisekarte-768x543.jpg 768w, https:\/\/pizzawalaberlin.com\/wp-content\/uploads\/2022\/01\/Unser-Speisekarte-1536x1086.jpg 1536w, https:\/\/pizzawalaberlin.com\/wp-content\/uploads\/2022\/01\/Unser-Speisekarte-18x12.jpg 18w, https:\/\/pizzawalaberlin.com\/wp-content\/uploads\/2022\/01\/Unser-Speisekarte.jpg 2000w\" sizes=\"(max-width: 1024px) 100vw, 1024px\" \/>\t\t\t\t\t\t\t\t<\/a>\n\t\t\t\t\t\t\t\t\t\t\t\t\t\t\t<\/div>\n\t\t\t\t<\/div>\n\t\t\t\t\t<\/div>\n\t\t<\/div>\n\t\t\t\t<div class=\"elementor-column elementor-col-50 elementor-top-column elementor-element elementor-element-5166c15\" data-id=\"5166c15\" data-element_type=\"column\">\n\t\t\t<div class=\"elementor-widget-wrap elementor-element-populated\">\n\t\t\t\t\t\t<div class=\"elementor-element elementor-element-bfb943d elementor-widget elementor-widget-image\" data-id=\"bfb943d\" data-element_type=\"widget\" data-widget_type=\"image.default\">\n\t\t\t\t<div class=\"elementor-widget-container\">\n\t\t\t\t\t\t\t\t\t\t\t\t\t\t\t\t<a href=\"https:\/\/pizzawalaberlin.com\/wp-content\/uploads\/2022\/01\/Our-Menu.jpg\" data-elementor-open-lightbox=\"yes\" data-elementor-lightbox-title=\"Our Menu\" data-e-action-hash=\"#elementor-action%3Aaction%3Dlightbox%26settings%3DeyJpZCI6MTgyMiwidXJsIjoiaHR0cHM6XC9cL3Bpenphd2FsYWJlcmxpbi5jb21cL3dwLWNvbnRlbnRcL3VwbG9hZHNcLzIwMjJcLzAxXC9PdXItTWVudS5qcGcifQ%3D%3D\">\n\t\t\t\t\t\t\t<img decoding=\"async\" width=\"1024\" height=\"724\" src=\"https:\/\/pizzawalaberlin.com\/wp-content\/uploads\/2022\/01\/Our-Menu-1024x724.jpg\" class=\"attachment-large size-large wp-image-1822\" alt=\"\" srcset=\"https:\/\/pizzawalaberlin.com\/wp-content\/uploads\/2022\/01\/Our-Menu-1024x724.jpg 1024w, https:\/\/pizzawalaberlin.com\/wp-content\/uploads\/2022\/01\/Our-Menu-300x212.jpg 300w, https:\/\/pizzawalaberlin.com\/wp-content\/uploads\/2022\/01\/Our-Menu-768x543.jpg 768w, https:\/\/pizzawalaberlin.com\/wp-content\/uploads\/2022\/01\/Our-Menu-1536x1086.jpg 1536w, https:\/\/pizzawalaberlin.com\/wp-content\/uploads\/2022\/01\/Our-Menu-18x12.jpg 18w, https:\/\/pizzawalaberlin.com\/wp-content\/uploads\/2022\/01\/Our-Menu.jpg 2000w\" sizes=\"(max-width: 1024px) 100vw, 1024px\" \/>\t\t\t\t\t\t\t\t<\/a>\n\t\t\t\t\t\t\t\t\t\t\t\t\t\t\t<\/div>\n\t\t\t\t<\/div>\n\t\t\t\t\t<\/div>\n\t\t<\/div>\n\t\t\t\t\t<\/div>\n\t\t<\/section>\n\t\t\t\t<section class=\"elementor-section elementor-top-section elementor-element elementor-element-9fd3c95 elementor-section-boxed elementor-section-height-default elementor-section-height-default\" data-id=\"9fd3c95\" data-element_type=\"section\">\n\t\t\t\t\t\t<div class=\"elementor-container elementor-column-gap-default\">\n\t\t\t\t\t<div class=\"elementor-column elementor-col-100 elementor-top-column elementor-element elementor-element-e409291\" data-id=\"e409291\" data-element_type=\"column\">\n\t\t\t<div class=\"elementor-widget-wrap elementor-element-populated\">\n\t\t\t\t\t\t<div class=\"elementor-element elementor-element-f8fc190 elementor-widget-divider--view-line elementor-widget elementor-widget-divider\" data-id=\"f8fc190\" data-element_type=\"widget\" data-widget_type=\"divider.default\">\n\t\t\t\t<div class=\"elementor-widget-container\">\n\t\t\t\t\t\t\t<div class=\"elementor-divider\">\n\t\t\t<span class=\"elementor-divider-separator\">\n\t\t\t\t\t\t<\/span>\n\t\t<\/div>\n\t\t\t\t\t\t<\/div>\n\t\t\t\t<\/div>\n\t\t\t\t\t<\/div>\n\t\t<\/div>\n\t\t\t\t\t<\/div>\n\t\t<\/section>\n\t\t\t\t<\/div>","protected":false},"excerpt":{"rendered":"<p>Our Menu Want to wow your guests with a wood-fired, live-cooking experience? Sound interesting? Contact us for a no-obligation quote. Have us at your next event Take our menu as an orientation, we try to be as flexible as we can be and work with our together with you to create an unforgettable experience for &hellip;<\/p>\n<p class=\"read-more\"> <a class=\"\" href=\"https:\/\/pizzawalaberlin.com\/de\/our-menu\/\"> <span class=\"screen-reader-text\">Unser Speisekarte<\/span> Weiterlesen &raquo;<\/a><\/p>","protected":false},"author":1,"featured_media":0,"parent":0,"menu_order":0,"comment_status":"closed","ping_status":"closed","template":"","meta":{"footnotes":""},"class_list":["post-1444","page","type-page","status-publish","hentry"],"yoast_head":"<!-- This site is optimized with the Yoast SEO plugin v26.9 - https:\/\/yoast.com\/product\/yoast-seo-wordpress\/ -->\n<title>Our Menu - Pizza Wala<\/title>\n<meta name=\"robots\" content=\"index, follow, max-snippet:-1, max-image-preview:large, max-video-preview:-1\" \/>\n<link rel=\"canonical\" href=\"https:\/\/pizzawalaberlin.com\/de\/our-menu\/\" \/>\n<meta property=\"og:locale\" content=\"de_DE\" \/>\n<meta property=\"og:type\" content=\"article\" \/>\n<meta property=\"og:title\" content=\"Our Menu - Pizza Wala\" \/>\n<meta property=\"og:description\" content=\"Our Menu Want to wow your guests with a wood-fired, live-cooking experience? Sound interesting? Contact us for a no-obligation quote. Have us at your next event Take our menu as an orientation, we try to be as flexible as we can be and work with our together with you to create an unforgettable experience for &hellip; Our Menu Weiterlesen &raquo;\" \/>\n<meta property=\"og:url\" content=\"https:\/\/pizzawalaberlin.com\/de\/our-menu\/\" \/>\n<meta property=\"og:site_name\" content=\"Pizza Wala\" \/>\n<meta property=\"article:publisher\" content=\"https:\/\/www.facebook.com\/PizzaWalaBerlin\/\" \/>\n<meta property=\"article:modified_time\" content=\"2024-02-28T13:22:36+00:00\" \/>\n<meta property=\"og:image\" content=\"https:\/\/pizzawalaberlin.com\/wp-content\/uploads\/2022\/01\/Unser-Speisekarte-1024x724.jpg\" \/>\n<meta name=\"twitter:card\" content=\"summary_large_image\" \/>\n<meta name=\"twitter:label1\" content=\"Gesch\u00e4tzte Lesezeit\" \/>\n\t<meta name=\"twitter:data1\" content=\"1\u00a0Minute\" \/>\n<script type=\"application\/ld+json\" class=\"yoast-schema-graph\">{\"@context\":\"https:\/\/schema.org\",\"@graph\":[{\"@type\":\"WebPage\",\"@id\":\"https:\/\/pizzawalaberlin.com\/our-menu\/\",\"url\":\"https:\/\/pizzawalaberlin.com\/our-menu\/\",\"name\":\"Our Menu - Pizza Wala\",\"isPartOf\":{\"@id\":\"https:\/\/pizzawalaberlin.com\/#website\"},\"primaryImageOfPage\":{\"@id\":\"https:\/\/pizzawalaberlin.com\/our-menu\/#primaryimage\"},\"image\":{\"@id\":\"https:\/\/pizzawalaberlin.com\/our-menu\/#primaryimage\"},\"thumbnailUrl\":\"https:\/\/pizzawalaberlin.com\/wp-content\/uploads\/2022\/01\/Unser-Speisekarte-1024x724.jpg\",\"datePublished\":\"2021-07-23T11:11:36+00:00\",\"dateModified\":\"2024-02-28T13:22:36+00:00\",\"breadcrumb\":{\"@id\":\"https:\/\/pizzawalaberlin.com\/our-menu\/#breadcrumb\"},\"inLanguage\":\"de\",\"potentialAction\":[{\"@type\":\"ReadAction\",\"target\":[\"https:\/\/pizzawalaberlin.com\/our-menu\/\"]}]},{\"@type\":\"ImageObject\",\"inLanguage\":\"de\",\"@id\":\"https:\/\/pizzawalaberlin.com\/our-menu\/#primaryimage\",\"url\":\"https:\/\/pizzawalaberlin.com\/wp-content\/uploads\/2022\/01\/Unser-Speisekarte-1024x724.jpg\",\"contentUrl\":\"https:\/\/pizzawalaberlin.com\/wp-content\/uploads\/2022\/01\/Unser-Speisekarte-1024x724.jpg\"},{\"@type\":\"BreadcrumbList\",\"@id\":\"https:\/\/pizzawalaberlin.com\/our-menu\/#breadcrumb\",\"itemListElement\":[{\"@type\":\"ListItem\",\"position\":1,\"name\":\"Home\",\"item\":\"https:\/\/pizzawalaberlin.com\/\"},{\"@type\":\"ListItem\",\"position\":2,\"name\":\"Our Menu\"}]},{\"@type\":\"WebSite\",\"@id\":\"https:\/\/pizzawalaberlin.com\/#website\",\"url\":\"https:\/\/pizzawalaberlin.com\/\",\"name\":\"Pizza Wala Berlin\",\"description\":\"mobile Wood fired Pizza truck\",\"publisher\":{\"@id\":\"https:\/\/pizzawalaberlin.com\/#organization\"},\"potentialAction\":[{\"@type\":\"SearchAction\",\"target\":{\"@type\":\"EntryPoint\",\"urlTemplate\":\"https:\/\/pizzawalaberlin.com\/?s={search_term_string}\"},\"query-input\":{\"@type\":\"PropertyValueSpecification\",\"valueRequired\":true,\"valueName\":\"search_term_string\"}}],\"inLanguage\":\"de\"},{\"@type\":\"Organization\",\"@id\":\"https:\/\/pizzawalaberlin.com\/#organization\",\"name\":\"Pizza Wala Berlin - Pizza Truck\",\"url\":\"https:\/\/pizzawalaberlin.com\/\",\"logo\":{\"@type\":\"ImageObject\",\"inLanguage\":\"de\",\"@id\":\"https:\/\/pizzawalaberlin.com\/#\/schema\/logo\/image\/\",\"url\":\"https:\/\/pizzawalaberlin.com\/wp-content\/uploads\/2021\/08\/cropped-210806_PW_LOGO_V1.0_RGB-4.png\",\"contentUrl\":\"https:\/\/pizzawalaberlin.com\/wp-content\/uploads\/2021\/08\/cropped-210806_PW_LOGO_V1.0_RGB-4.png\",\"width\":512,\"height\":512,\"caption\":\"Pizza Wala Berlin - Pizza Truck\"},\"image\":{\"@id\":\"https:\/\/pizzawalaberlin.com\/#\/schema\/logo\/image\/\"},\"sameAs\":[\"https:\/\/www.facebook.com\/PizzaWalaBerlin\/\",\"https:\/\/www.instagram.com\/pizza_wala_berlin\/\"]}]}<\/script>\n<!-- \/ Yoast SEO plugin. -->","yoast_head_json":{"title":"Our Menu - Pizza Wala","robots":{"index":"index","follow":"follow","max-snippet":"max-snippet:-1","max-image-preview":"max-image-preview:large","max-video-preview":"max-video-preview:-1"},"canonical":"https:\/\/pizzawalaberlin.com\/de\/our-menu\/","og_locale":"de_DE","og_type":"article","og_title":"Our Menu - Pizza Wala","og_description":"Our Menu Want to wow your guests with a wood-fired, live-cooking experience? Sound interesting? Contact us for a no-obligation quote. Have us at your next event Take our menu as an orientation, we try to be as flexible as we can be and work with our together with you to create an unforgettable experience for &hellip; Our Menu Weiterlesen &raquo;","og_url":"https:\/\/pizzawalaberlin.com\/de\/our-menu\/","og_site_name":"Pizza Wala","article_publisher":"https:\/\/www.facebook.com\/PizzaWalaBerlin\/","article_modified_time":"2024-02-28T13:22:36+00:00","og_image":[{"url":"https:\/\/pizzawalaberlin.com\/wp-content\/uploads\/2022\/01\/Unser-Speisekarte-1024x724.jpg","type":"","width":"","height":""}],"twitter_card":"summary_large_image","twitter_misc":{"Gesch\u00e4tzte Lesezeit":"1\u00a0Minute"},"schema":{"@context":"https:\/\/schema.org","@graph":[{"@type":"WebPage","@id":"https:\/\/pizzawalaberlin.com\/our-menu\/","url":"https:\/\/pizzawalaberlin.com\/our-menu\/","name":"Our Menu - Pizza Wala","isPartOf":{"@id":"https:\/\/pizzawalaberlin.com\/#website"},"primaryImageOfPage":{"@id":"https:\/\/pizzawalaberlin.com\/our-menu\/#primaryimage"},"image":{"@id":"https:\/\/pizzawalaberlin.com\/our-menu\/#primaryimage"},"thumbnailUrl":"https:\/\/pizzawalaberlin.com\/wp-content\/uploads\/2022\/01\/Unser-Speisekarte-1024x724.jpg","datePublished":"2021-07-23T11:11:36+00:00","dateModified":"2024-02-28T13:22:36+00:00","breadcrumb":{"@id":"https:\/\/pizzawalaberlin.com\/our-menu\/#breadcrumb"},"inLanguage":"de","potentialAction":[{"@type":"ReadAction","target":["https:\/\/pizzawalaberlin.com\/our-menu\/"]}]},{"@type":"ImageObject","inLanguage":"de","@id":"https:\/\/pizzawalaberlin.com\/our-menu\/#primaryimage","url":"https:\/\/pizzawalaberlin.com\/wp-content\/uploads\/2022\/01\/Unser-Speisekarte-1024x724.jpg","contentUrl":"https:\/\/pizzawalaberlin.com\/wp-content\/uploads\/2022\/01\/Unser-Speisekarte-1024x724.jpg"},{"@type":"BreadcrumbList","@id":"https:\/\/pizzawalaberlin.com\/our-menu\/#breadcrumb","itemListElement":[{"@type":"ListItem","position":1,"name":"Home","item":"https:\/\/pizzawalaberlin.com\/"},{"@type":"ListItem","position":2,"name":"Our Menu"}]},{"@type":"WebSite","@id":"https:\/\/pizzawalaberlin.com\/#website","url":"https:\/\/pizzawalaberlin.com\/","name":"Pizza Wala Berlin","description":"mobile Wood fired Pizza truck","publisher":{"@id":"https:\/\/pizzawalaberlin.com\/#organization"},"potentialAction":[{"@type":"SearchAction","target":{"@type":"EntryPoint","urlTemplate":"https:\/\/pizzawalaberlin.com\/?s={search_term_string}"},"query-input":{"@type":"PropertyValueSpecification","valueRequired":true,"valueName":"search_term_string"}}],"inLanguage":"de"},{"@type":"Organization","@id":"https:\/\/pizzawalaberlin.com\/#organization","name":"Pizza Wala Berlin - Pizza Truck","url":"https:\/\/pizzawalaberlin.com\/","logo":{"@type":"ImageObject","inLanguage":"de","@id":"https:\/\/pizzawalaberlin.com\/#\/schema\/logo\/image\/","url":"https:\/\/pizzawalaberlin.com\/wp-content\/uploads\/2021\/08\/cropped-210806_PW_LOGO_V1.0_RGB-4.png","contentUrl":"https:\/\/pizzawalaberlin.com\/wp-content\/uploads\/2021\/08\/cropped-210806_PW_LOGO_V1.0_RGB-4.png","width":512,"height":512,"caption":"Pizza Wala Berlin - Pizza Truck"},"image":{"@id":"https:\/\/pizzawalaberlin.com\/#\/schema\/logo\/image\/"},"sameAs":["https:\/\/www.facebook.com\/PizzaWalaBerlin\/","https:\/\/www.instagram.com\/pizza_wala_berlin\/"]}]}},"_links":{"self":[{"href":"https:\/\/pizzawalaberlin.com\/de\/wp-json\/wp\/v2\/pages\/1444","targetHints":{"allow":["GET"]}}],"collection":[{"href":"https:\/\/pizzawalaberlin.com\/de\/wp-json\/wp\/v2\/pages"}],"about":[{"href":"https:\/\/pizzawalaberlin.com\/de\/wp-json\/wp\/v2\/types\/page"}],"author":[{"embeddable":true,"href":"https:\/\/pizzawalaberlin.com\/de\/wp-json\/wp\/v2\/users\/1"}],"replies":[{"embeddable":true,"href":"https:\/\/pizzawalaberlin.com\/de\/wp-json\/wp\/v2\/comments?post=1444"}],"version-history":[{"count":94,"href":"https:\/\/pizzawalaberlin.com\/de\/wp-json\/wp\/v2\/pages\/1444\/revisions"}],"predecessor-version":[{"id":2362,"href":"https:\/\/pizzawalaberlin.com\/de\/wp-json\/wp\/v2\/pages\/1444\/revisions\/2362"}],"wp:attachment":[{"href":"https:\/\/pizzawalaberlin.com\/de\/wp-json\/wp\/v2\/media?parent=1444"}],"curies":[{"name":"wp","href":"https:\/\/api.w.org\/{rel}","templated":true}]}}