{"id":1385,"date":"2021-07-23T08:44:56","date_gmt":"2021-07-23T08:44:56","guid":{"rendered":"https:\/\/pizzawalaberlin.com\/?page_id=1385"},"modified":"2024-02-21T10:54:49","modified_gmt":"2024-02-21T10:54:49","slug":"book-us","status":"publish","type":"page","link":"https:\/\/pizzawalaberlin.com\/de\/book-us\/","title":{"rendered":"Buchen Sie uns"},"content":{"rendered":"<div data-elementor-type=\"wp-page\" data-elementor-id=\"1385\" class=\"elementor elementor-1385\">\n\t\t\t\t\t\t<section class=\"elementor-section elementor-top-section elementor-element elementor-element-99ea9ab elementor-section-content-middle elementor-section-boxed elementor-section-height-default elementor-section-height-default\" data-id=\"99ea9ab\" data-element_type=\"section\" data-settings=\"{&quot;background_background&quot;:&quot;classic&quot;}\">\n\t\t\t\t\t\t\t<div class=\"elementor-background-overlay\"><\/div>\n\t\t\t\t\t\t\t<div class=\"elementor-container elementor-column-gap-no\">\n\t\t\t\t\t<div class=\"elementor-column elementor-col-100 elementor-top-column elementor-element elementor-element-fb60220\" data-id=\"fb60220\" data-element_type=\"column\">\n\t\t\t<div class=\"elementor-widget-wrap\">\n\t\t\t\t\t\t\t<\/div>\n\t\t<\/div>\n\t\t\t\t\t<\/div>\n\t\t<\/section>\n\t\t\t\t<section class=\"elementor-section elementor-top-section elementor-element elementor-element-8393f15 elementor-section-boxed elementor-section-height-default elementor-section-height-default\" data-id=\"8393f15\" data-element_type=\"section\">\n\t\t\t\t\t\t<div class=\"elementor-container elementor-column-gap-default\">\n\t\t\t\t\t<div class=\"elementor-column elementor-col-100 elementor-top-column elementor-element elementor-element-f3662ac\" data-id=\"f3662ac\" data-element_type=\"column\">\n\t\t\t<div class=\"elementor-widget-wrap elementor-element-populated\">\n\t\t\t\t\t\t<div class=\"elementor-element elementor-element-1057e9a elementor-widget elementor-widget-heading\" data-id=\"1057e9a\" data-element_type=\"widget\" data-widget_type=\"heading.default\">\n\t\t\t\t<div class=\"elementor-widget-container\">\n\t\t\t\t\t<h2 class=\"elementor-heading-title elementor-size-default\"><b>Buchen Sie uns<\/b><\/h2>\t\t\t\t<\/div>\n\t\t\t\t<\/div>\n\t\t\t\t\t<\/div>\n\t\t<\/div>\n\t\t\t\t\t<\/div>\n\t\t<\/section>\n\t\t\t\t<section class=\"elementor-section elementor-top-section elementor-element elementor-element-22643fe elementor-section-boxed elementor-section-height-default elementor-section-height-default\" data-id=\"22643fe\" data-element_type=\"section\">\n\t\t\t\t\t\t<div class=\"elementor-container elementor-column-gap-default\">\n\t\t\t\t\t<div class=\"elementor-column elementor-col-100 elementor-top-column elementor-element elementor-element-1e45833\" data-id=\"1e45833\" data-element_type=\"column\">\n\t\t\t<div class=\"elementor-widget-wrap elementor-element-populated\">\n\t\t\t\t\t\t<div class=\"elementor-element elementor-element-4e0b36e elementor-widget elementor-widget-text-editor\" data-id=\"4e0b36e\" data-element_type=\"widget\" data-widget_type=\"text-editor.default\">\n\t\t\t\t<div class=\"elementor-widget-container\">\n\t\t\t\t\t\t\t\t\t<p>Sie haben eine besondere Veranstaltung vor sich? Wir bieten eine einzigartige attraktive Erg\u00e4nzung mit unserem stilvollen Truck und einem fantastischen Live-Cooking-Erlebnis, bei dem wir Ihnen und Ihren G\u00e4sten k\u00f6stliche Kreationen direkt aus unserem traditionellen Holzofen servieren.\u00a0<\/p>\t\t\t\t\t\t\t\t<\/div>\n\t\t\t\t<\/div>\n\t\t\t\t\t<\/div>\n\t\t<\/div>\n\t\t\t\t\t<\/div>\n\t\t<\/section>\n\t\t\t\t<section class=\"elementor-section elementor-top-section elementor-element elementor-element-77db0fb elementor-section-boxed elementor-section-height-default elementor-section-height-default\" data-id=\"77db0fb\" data-element_type=\"section\">\n\t\t\t\t\t\t<div class=\"elementor-container elementor-column-gap-default\">\n\t\t\t\t\t<div class=\"elementor-column elementor-col-100 elementor-top-column elementor-element elementor-element-49e7a1f\" data-id=\"49e7a1f\" data-element_type=\"column\">\n\t\t\t<div class=\"elementor-widget-wrap elementor-element-populated\">\n\t\t\t\t\t\t<div class=\"elementor-element elementor-element-d0cc70e elementor-widget elementor-widget-heading\" data-id=\"d0cc70e\" data-element_type=\"widget\" data-widget_type=\"heading.default\">\n\t\t\t\t<div class=\"elementor-widget-container\">\n\t\t\t\t\t<h2 class=\"elementor-heading-title elementor-size-default\">Zum Ablauf eines Pizza Event<\/h2>\t\t\t\t<\/div>\n\t\t\t\t<\/div>\n\t\t\t\t\t<\/div>\n\t\t<\/div>\n\t\t\t\t\t<\/div>\n\t\t<\/section>\n\t\t\t\t<section class=\"elementor-section elementor-top-section elementor-element elementor-element-da6a6fe elementor-section-boxed elementor-section-height-default elementor-section-height-default\" data-id=\"da6a6fe\" data-element_type=\"section\">\n\t\t\t\t\t\t<div class=\"elementor-container elementor-column-gap-default\">\n\t\t\t\t\t<div class=\"elementor-column elementor-col-100 elementor-top-column elementor-element elementor-element-602d4d9\" data-id=\"602d4d9\" data-element_type=\"column\">\n\t\t\t<div class=\"elementor-widget-wrap elementor-element-populated\">\n\t\t\t\t\t\t<div class=\"elementor-element elementor-element-c5ab564 elementor-widget elementor-widget-text-editor\" data-id=\"c5ab564\" data-element_type=\"widget\" data-widget_type=\"text-editor.default\">\n\t\t\t\t<div class=\"elementor-widget-container\">\n\t\t\t\t\t\t\t\t\t<p>Wir treffen 2 Stunden vor Beginn Ihrer Veranstaltung ein und bereiten alles vor.<\/p><p>Unser Konzept funktioniert am besten als eine Art Selbstbedienungs-Pizza-Bar.\u00a0<\/p><p><span style=\"font-size: 16px;\">Wir bereiten die 5 ausgew\u00e4hlten Pizzasorten zu und servieren sie St\u00fcckchenweise.\u00a0<\/span><\/p><p><span style=\"font-size: 16px;\">So kann jeder essen, was er will, und das so schnell wie m\u00f6glich.\u00a0<\/span><\/p><p>Nat\u00fcrlich k\u00f6nnen wir uns immer an die individuellen Anforderungen anpassen, sprechen Sie uns einfach an.\u00a0<\/p><p>\u00a0<\/p>\t\t\t\t\t\t\t\t<\/div>\n\t\t\t\t<\/div>\n\t\t\t\t\t<\/div>\n\t\t<\/div>\n\t\t\t\t\t<\/div>\n\t\t<\/section>\n\t\t\t\t<section class=\"elementor-section elementor-top-section elementor-element elementor-element-cf9a03c elementor-section-boxed elementor-section-height-default elementor-section-height-default\" data-id=\"cf9a03c\" data-element_type=\"section\">\n\t\t\t\t\t\t<div class=\"elementor-container elementor-column-gap-default\">\n\t\t\t\t\t<div class=\"elementor-column elementor-col-100 elementor-top-column elementor-element elementor-element-c46ebec\" data-id=\"c46ebec\" data-element_type=\"column\">\n\t\t\t<div class=\"elementor-widget-wrap elementor-element-populated\">\n\t\t\t\t\t\t<div class=\"elementor-element elementor-element-84001d1 elementor-widget elementor-widget-text-editor\" data-id=\"84001d1\" data-element_type=\"widget\" data-widget_type=\"text-editor.default\">\n\t\t\t\t<div class=\"elementor-widget-container\">\n\t\t\t\t\t\t\t\t\t<p><b>Unsere Anforderungen an jedem Standort:<\/b><\/p><p>Platz Bedarf: 8m breit, 3,8m(offene Klappe) tief und 3,6m D\u00fcrchfahrtsh\u00f6he.<\/p><p>230V 2Kw electrical connection. (Within 50m of the spot planned for our Truck)<\/p><p>Einen Wasseranschluss. (Innerhalb von 20m von dem f\u00fcr unseren Truck geplanten Platz).\u00a0<\/p>\t\t\t\t\t\t\t\t<\/div>\n\t\t\t\t<\/div>\n\t\t\t\t\t<\/div>\n\t\t<\/div>\n\t\t\t\t\t<\/div>\n\t\t<\/section>\n\t\t\t\t<section class=\"elementor-section elementor-top-section elementor-element elementor-element-f0d0d39 elementor-section-boxed elementor-section-height-default elementor-section-height-default\" data-id=\"f0d0d39\" data-element_type=\"section\">\n\t\t\t\t\t\t<div class=\"elementor-container elementor-column-gap-default\">\n\t\t\t\t\t<div class=\"elementor-column elementor-col-100 elementor-top-column elementor-element elementor-element-507b286\" data-id=\"507b286\" data-element_type=\"column\">\n\t\t\t<div class=\"elementor-widget-wrap elementor-element-populated\">\n\t\t\t\t\t\t<div class=\"elementor-element elementor-element-463bfbc elementor-widget elementor-widget-heading\" data-id=\"463bfbc\" data-element_type=\"widget\" data-widget_type=\"heading.default\">\n\t\t\t\t<div class=\"elementor-widget-container\">\n\t\t\t\t\t<h3 class=\"elementor-heading-title elementor-size-large\">Buchen Sie uns<\/h3>\t\t\t\t<\/div>\n\t\t\t\t<\/div>\n\t\t\t\t\t<\/div>\n\t\t<\/div>\n\t\t\t\t\t<\/div>\n\t\t<\/section>\n\t\t\t\t<section class=\"elementor-section elementor-top-section elementor-element elementor-element-eea4144 elementor-section-boxed elementor-section-height-default elementor-section-height-default\" data-id=\"eea4144\" data-element_type=\"section\">\n\t\t\t\t\t\t<div class=\"elementor-container elementor-column-gap-default\">\n\t\t\t\t\t<div class=\"elementor-column elementor-col-100 elementor-top-column elementor-element elementor-element-ac26dd2\" data-id=\"ac26dd2\" data-element_type=\"column\">\n\t\t\t<div class=\"elementor-widget-wrap elementor-element-populated\">\n\t\t\t\t\t\t<div class=\"elementor-element elementor-element-9236f5a elementor-widget elementor-widget-wpforms\" data-id=\"9236f5a\" data-element_type=\"widget\" data-widget_type=\"wpforms.default\">\n\t\t\t\t<div class=\"elementor-widget-container\">\n\t\t\t\t\t<div class=\"wpforms-container\" id=\"wpforms-1384\"><form id=\"wpforms-form-1384\" class=\"wpforms-validate wpforms-form wpforms-ajax-form\" data-formid=\"1384\" method=\"post\" enctype=\"multipart\/form-data\" action=\"\/de\/wp-json\/wp\/v2\/pages\/1385\" data-token=\"b2de1f7abc877b753fbe9a37ce5b0760\" data-token-time=\"1777132243\" data-trp-original-action=\"\/de\/wp-json\/wp\/v2\/pages\/1385\"><noscript class=\"wpforms-error-noscript\">Bitte aktiviere JavaScript in deinem Browser, um dieses Formular fertigzustellen.<\/noscript><div class=\"wpforms-field-container\"><div id=\"wpforms-1384-field_0-container\" class=\"wpforms-field wpforms-field-name\" data-field-id=\"0\"><label class=\"wpforms-field-label\">Name <span class=\"wpforms-required-label\">*<\/span><\/label><div class=\"wpforms-field-row wpforms-field-medium\"><div class=\"wpforms-field-row-block wpforms-first wpforms-one-half\"><input type=\"text\" id=\"wpforms-1384-field_0\" class=\"wpforms-field-name-first wpforms-field-required\" name=\"wpforms[fields][0][first]\" required><label for=\"wpforms-1384-field_0\" class=\"wpforms-field-sublabel after\">Vorname<\/label><\/div><div class=\"wpforms-field-row-block wpforms-one-half\"><input type=\"text\" id=\"wpforms-1384-field_0-last\" class=\"wpforms-field-name-last wpforms-field-required\" name=\"wpforms[fields][0][last]\" required><label for=\"wpforms-1384-field_0-last\" class=\"wpforms-field-sublabel after\">Nachname<\/label><\/div><\/div><\/div><div id=\"wpforms-1384-field_8-container\" class=\"wpforms-field wpforms-field-number\" data-field-id=\"8\"><label class=\"wpforms-field-label\" for=\"wpforms-1384-field_8\">Telefon <span class=\"wpforms-required-label\">*<\/span><\/label><input type=\"number\" id=\"wpforms-1384-field_8\" class=\"wpforms-field-medium wpforms-field-required\" name=\"wpforms[fields][8]\" step=\"any\" required><\/div><div id=\"wpforms-1384-field_3-container\" class=\"wpforms-field wpforms-field-text\" data-field-id=\"3\"><label class=\"wpforms-field-label\" for=\"wpforms-1384-field_3\">Betreff <span class=\"wpforms-required-label\">*<\/span><\/label><input type=\"text\" id=\"wpforms-1384-field_3\" class=\"wpforms-field-medium wpforms-field-required\" name=\"wpforms[fields][3]\" required><\/div><div id=\"wpforms-1384-field_1-container\" class=\"wpforms-field wpforms-field-email\" data-field-id=\"1\"><label class=\"wpforms-field-label\" for=\"wpforms-1384-field_1\">Email <span class=\"wpforms-required-label\">*<\/span><\/label><input type=\"email\" id=\"wpforms-1384-field_1\" class=\"wpforms-field-medium wpforms-field-required\" name=\"wpforms[fields][1]\" spellcheck=\"false\" required><\/div><div id=\"wpforms-1384-field_10-container\" class=\"wpforms-field wpforms-field-text\" data-field-id=\"10\"><label class=\"wpforms-field-label\" for=\"wpforms-1384-field_10\">Datum der Veranstaltung<\/label><input type=\"text\" id=\"wpforms-1384-field_10\" class=\"wpforms-field-medium\" name=\"wpforms[fields][10]\" ><\/div><div id=\"wpforms-1384-field_7-container\" class=\"wpforms-field wpforms-field-text\" data-field-id=\"7\"><label class=\"wpforms-field-label\" for=\"wpforms-1384-field_7\">Beginn der Verk\u00f6stigung <span class=\"wpforms-required-label\">*<\/span><\/label><input type=\"text\" id=\"wpforms-1384-field_7\" class=\"wpforms-field-medium wpforms-field-required\" name=\"wpforms[fields][7]\" required><\/div><div id=\"wpforms-1384-field_5-container\" class=\"wpforms-field wpforms-field-number\" data-field-id=\"5\"><label class=\"wpforms-field-label\" for=\"wpforms-1384-field_5\">Anzahl der erwarteten Besucher <span class=\"wpforms-required-label\">*<\/span><\/label><input type=\"number\" id=\"wpforms-1384-field_5\" class=\"wpforms-field-medium wpforms-field-required\" name=\"wpforms[fields][5]\" step=\"any\" required><\/div><div id=\"wpforms-1384-field_11-container\" class=\"wpforms-field wpforms-field-text\" data-field-id=\"11\"><label class=\"wpforms-field-label\" for=\"wpforms-1384-field_11\">Budget<\/label><input type=\"text\" id=\"wpforms-1384-field_11\" class=\"wpforms-field-medium\" name=\"wpforms[fields][11]\" ><\/div><div id=\"wpforms-1384-field_6-container\" class=\"wpforms-field wpforms-field-text\" data-field-id=\"6\"><label class=\"wpforms-field-label\" for=\"wpforms-1384-field_6\">Ort der Veranstaltung  <span class=\"wpforms-required-label\">*<\/span><\/label><input type=\"text\" id=\"wpforms-1384-field_6\" class=\"wpforms-field-medium wpforms-field-required\" name=\"wpforms[fields][6]\" required><div class=\"wpforms-field-description\">Ort, PLZ<\/div><\/div><div id=\"wpforms-1384-field_12-container\" class=\"wpforms-field wpforms-field-select wpforms-field-select-style-classic\" data-field-id=\"12\"><label class=\"wpforms-field-label\" for=\"wpforms-1384-field_12\">Concept Preference <span class=\"wpforms-required-label\">*<\/span><\/label><select id=\"wpforms-1384-field_12\" class=\"wpforms-field-medium wpforms-field-required\" name=\"wpforms[fields][12]\" required=\"required\"><option value=\"None\"  selected='selected'>None<\/option><option value=\"Truck\" >Truck<\/option><option value=\"Trailer\" >Trailer<\/option><\/select><\/div><div id=\"wpforms-1384-field_2-container\" class=\"wpforms-field wpforms-field-textarea\" data-field-id=\"2\"><label class=\"wpforms-field-label\" for=\"wpforms-1384-field_2\">Kommentar oder Nachricht<\/label><textarea id=\"wpforms-1384-field_2\" class=\"wpforms-field-medium\" name=\"wpforms[fields][2]\" ><\/textarea><\/div><\/div><!-- .wpforms-field-container -->\r\n\t\t\t<script>\r\n\t\t\tif ( typeof huOptions !== 'undefined' ) {\r\n\t\t\t\tvar huFormData = {\"source\":\"wpforms\",\"id\":1384,\"title\":\"Book Us\",\"fields\":{\"subject\":{\"first_name\":\"\",\"last_name\":\"\"}}};\r\n\t\t\t\tvar huFormNode = document.querySelector( '[id=\"wpforms-1384\"] form' );\r\n\r\n\t\t\t\tvar firstName = huFormNode.querySelector( 'input.wpforms-field-name-first' );\r\n\t\t\t\tvar lastName = huFormNode.querySelector( 'input.wpforms-field-name-last' );\r\n\r\n\t\t\t\tif ( firstName )\r\n\t\t\t\t\thuFormData['fields']['subject']['first_name'] = firstName.getAttribute( 'name' );\r\n\r\n\t\t\t\tif ( lastName )\r\n\t\t\t\t\thuFormData['fields']['subject']['last_name'] = lastName.getAttribute( 'name' );\r\n\r\n\t\t\t\thuFormData['node'] = huFormNode;\r\n\t\t\t\thuOptions['forms'].push( huFormData );\r\n\t\t\t}\r\n\t\t\t<\/script><div class=\"wpforms-submit-container\" ><input type=\"hidden\" name=\"wpforms[id]\" value=\"1384\"><input type=\"hidden\" name=\"page_title\" value=\"\"><input type=\"hidden\" name=\"page_url\" value=\"https:\/\/pizzawalaberlin.com\/de\/wp-json\/wp\/v2\/pages\/1385\"><input type=\"hidden\" name=\"url_referer\" value=\"\"><button type=\"submit\" name=\"wpforms[submit]\" id=\"wpforms-submit-1384\" class=\"wpforms-submit\" data-alt-text=\"Sending...\" data-submit-text=\"Submit\" aria-live=\"assertive\" value=\"wpforms-submit\">Abschicken<\/button><img decoding=\"async\" src=\"https:\/\/pizzawalaberlin.com\/wp-content\/plugins\/wpforms-lite\/assets\/images\/submit-spin.svg\" class=\"wpforms-submit-spinner\" style=\"display: none;\" width=\"26\" height=\"26\" alt=\"Wird geladen\"><\/div><input type=\"hidden\" name=\"trp-form-language\" value=\"de\"\/><\/form><\/div>  <!-- .wpforms-container -->\t\t\t\t<\/div>\n\t\t\t\t<\/div>\n\t\t\t\t\t<\/div>\n\t\t<\/div>\n\t\t\t\t\t<\/div>\n\t\t<\/section>\n\t\t\t\t<\/div>","protected":false},"excerpt":{"rendered":"<p>Book Us Have a special event coming up? We offer a unique attractive addition with our stylish truck and a fantastic live-cooking experience serving you and your guests with delicious creations right out of our roaring wood-fired oven.\u00a0 The General Picture We arrive 2 hours before the start of your event and set up. This &hellip;<\/p>\n<p class=\"read-more\"> <a class=\"\" href=\"https:\/\/pizzawalaberlin.com\/de\/book-us\/\"> <span class=\"screen-reader-text\">Buchen Sie uns<\/span> Weiterlesen &raquo;<\/a><\/p>","protected":false},"author":1,"featured_media":0,"parent":0,"menu_order":0,"comment_status":"closed","ping_status":"closed","template":"","meta":{"footnotes":""},"class_list":["post-1385","page","type-page","status-publish","hentry"],"yoast_head":"<!-- This site is optimized with the Yoast SEO plugin v26.9 - https:\/\/yoast.com\/product\/yoast-seo-wordpress\/ -->\n<title>Book Us - Pizza Wala<\/title>\n<meta name=\"robots\" content=\"index, follow, max-snippet:-1, max-image-preview:large, max-video-preview:-1\" \/>\n<link rel=\"canonical\" href=\"https:\/\/pizzawalaberlin.com\/de\/book-us\/\" \/>\n<meta property=\"og:locale\" content=\"de_DE\" \/>\n<meta property=\"og:type\" content=\"article\" \/>\n<meta property=\"og:title\" content=\"Book Us - Pizza Wala\" \/>\n<meta property=\"og:description\" content=\"Book Us Have a special event coming up? We offer a unique attractive addition with our stylish truck and a fantastic live-cooking experience serving you and your guests with delicious creations right out of our roaring wood-fired oven.\u00a0 The General Picture We arrive 2 hours before the start of your event and set up. This &hellip; Book Us Weiterlesen &raquo;\" \/>\n<meta property=\"og:url\" content=\"https:\/\/pizzawalaberlin.com\/de\/book-us\/\" \/>\n<meta property=\"og:site_name\" content=\"Pizza Wala\" \/>\n<meta property=\"article:publisher\" content=\"https:\/\/www.facebook.com\/PizzaWalaBerlin\/\" \/>\n<meta property=\"article:modified_time\" content=\"2024-02-21T10:54:49+00:00\" \/>\n<meta property=\"og:image\" content=\"https:\/\/pizzawalaberlin.com\/wp-content\/plugins\/wpforms-lite\/assets\/images\/submit-spin.svg\" \/>\n<meta name=\"twitter:card\" content=\"summary_large_image\" \/>\n<meta name=\"twitter:label1\" content=\"Gesch\u00e4tzte Lesezeit\" \/>\n\t<meta name=\"twitter:data1\" content=\"1\u00a0Minute\" \/>\n<script type=\"application\/ld+json\" class=\"yoast-schema-graph\">{\"@context\":\"https:\/\/schema.org\",\"@graph\":[{\"@type\":\"WebPage\",\"@id\":\"https:\/\/pizzawalaberlin.com\/book-us\/\",\"url\":\"https:\/\/pizzawalaberlin.com\/book-us\/\",\"name\":\"Book Us - Pizza Wala\",\"isPartOf\":{\"@id\":\"https:\/\/pizzawalaberlin.com\/#website\"},\"primaryImageOfPage\":{\"@id\":\"https:\/\/pizzawalaberlin.com\/book-us\/#primaryimage\"},\"image\":{\"@id\":\"https:\/\/pizzawalaberlin.com\/book-us\/#primaryimage\"},\"thumbnailUrl\":\"https:\/\/pizzawalaberlin.com\/wp-content\/plugins\/wpforms-lite\/assets\/images\/submit-spin.svg\",\"datePublished\":\"2021-07-23T08:44:56+00:00\",\"dateModified\":\"2024-02-21T10:54:49+00:00\",\"breadcrumb\":{\"@id\":\"https:\/\/pizzawalaberlin.com\/book-us\/#breadcrumb\"},\"inLanguage\":\"de\",\"potentialAction\":[{\"@type\":\"ReadAction\",\"target\":[\"https:\/\/pizzawalaberlin.com\/book-us\/\"]}]},{\"@type\":\"ImageObject\",\"inLanguage\":\"de\",\"@id\":\"https:\/\/pizzawalaberlin.com\/book-us\/#primaryimage\",\"url\":\"https:\/\/pizzawalaberlin.com\/wp-content\/plugins\/wpforms-lite\/assets\/images\/submit-spin.svg\",\"contentUrl\":\"https:\/\/pizzawalaberlin.com\/wp-content\/plugins\/wpforms-lite\/assets\/images\/submit-spin.svg\"},{\"@type\":\"BreadcrumbList\",\"@id\":\"https:\/\/pizzawalaberlin.com\/book-us\/#breadcrumb\",\"itemListElement\":[{\"@type\":\"ListItem\",\"position\":1,\"name\":\"Home\",\"item\":\"https:\/\/pizzawalaberlin.com\/\"},{\"@type\":\"ListItem\",\"position\":2,\"name\":\"Book Us\"}]},{\"@type\":\"WebSite\",\"@id\":\"https:\/\/pizzawalaberlin.com\/#website\",\"url\":\"https:\/\/pizzawalaberlin.com\/\",\"name\":\"Pizza Wala Berlin\",\"description\":\"mobile Wood fired Pizza truck\",\"publisher\":{\"@id\":\"https:\/\/pizzawalaberlin.com\/#organization\"},\"potentialAction\":[{\"@type\":\"SearchAction\",\"target\":{\"@type\":\"EntryPoint\",\"urlTemplate\":\"https:\/\/pizzawalaberlin.com\/?s={search_term_string}\"},\"query-input\":{\"@type\":\"PropertyValueSpecification\",\"valueRequired\":true,\"valueName\":\"search_term_string\"}}],\"inLanguage\":\"de\"},{\"@type\":\"Organization\",\"@id\":\"https:\/\/pizzawalaberlin.com\/#organization\",\"name\":\"Pizza Wala Berlin - Pizza Truck\",\"url\":\"https:\/\/pizzawalaberlin.com\/\",\"logo\":{\"@type\":\"ImageObject\",\"inLanguage\":\"de\",\"@id\":\"https:\/\/pizzawalaberlin.com\/#\/schema\/logo\/image\/\",\"url\":\"https:\/\/pizzawalaberlin.com\/wp-content\/uploads\/2021\/08\/cropped-210806_PW_LOGO_V1.0_RGB-4.png\",\"contentUrl\":\"https:\/\/pizzawalaberlin.com\/wp-content\/uploads\/2021\/08\/cropped-210806_PW_LOGO_V1.0_RGB-4.png\",\"width\":512,\"height\":512,\"caption\":\"Pizza Wala Berlin - Pizza Truck\"},\"image\":{\"@id\":\"https:\/\/pizzawalaberlin.com\/#\/schema\/logo\/image\/\"},\"sameAs\":[\"https:\/\/www.facebook.com\/PizzaWalaBerlin\/\",\"https:\/\/www.instagram.com\/pizza_wala_berlin\/\"]}]}<\/script>\n<!-- \/ Yoast SEO plugin. -->","yoast_head_json":{"title":"Book Us - Pizza Wala","robots":{"index":"index","follow":"follow","max-snippet":"max-snippet:-1","max-image-preview":"max-image-preview:large","max-video-preview":"max-video-preview:-1"},"canonical":"https:\/\/pizzawalaberlin.com\/de\/book-us\/","og_locale":"de_DE","og_type":"article","og_title":"Book Us - Pizza Wala","og_description":"Book Us Have a special event coming up? We offer a unique attractive addition with our stylish truck and a fantastic live-cooking experience serving you and your guests with delicious creations right out of our roaring wood-fired oven.\u00a0 The General Picture We arrive 2 hours before the start of your event and set up. This &hellip; Book Us Weiterlesen &raquo;","og_url":"https:\/\/pizzawalaberlin.com\/de\/book-us\/","og_site_name":"Pizza Wala","article_publisher":"https:\/\/www.facebook.com\/PizzaWalaBerlin\/","article_modified_time":"2024-02-21T10:54:49+00:00","og_image":[{"url":"https:\/\/pizzawalaberlin.com\/wp-content\/plugins\/wpforms-lite\/assets\/images\/submit-spin.svg","type":"","width":"","height":""}],"twitter_card":"summary_large_image","twitter_misc":{"Gesch\u00e4tzte Lesezeit":"1\u00a0Minute"},"schema":{"@context":"https:\/\/schema.org","@graph":[{"@type":"WebPage","@id":"https:\/\/pizzawalaberlin.com\/book-us\/","url":"https:\/\/pizzawalaberlin.com\/book-us\/","name":"Book Us - Pizza Wala","isPartOf":{"@id":"https:\/\/pizzawalaberlin.com\/#website"},"primaryImageOfPage":{"@id":"https:\/\/pizzawalaberlin.com\/book-us\/#primaryimage"},"image":{"@id":"https:\/\/pizzawalaberlin.com\/book-us\/#primaryimage"},"thumbnailUrl":"https:\/\/pizzawalaberlin.com\/wp-content\/plugins\/wpforms-lite\/assets\/images\/submit-spin.svg","datePublished":"2021-07-23T08:44:56+00:00","dateModified":"2024-02-21T10:54:49+00:00","breadcrumb":{"@id":"https:\/\/pizzawalaberlin.com\/book-us\/#breadcrumb"},"inLanguage":"de","potentialAction":[{"@type":"ReadAction","target":["https:\/\/pizzawalaberlin.com\/book-us\/"]}]},{"@type":"ImageObject","inLanguage":"de","@id":"https:\/\/pizzawalaberlin.com\/book-us\/#primaryimage","url":"https:\/\/pizzawalaberlin.com\/wp-content\/plugins\/wpforms-lite\/assets\/images\/submit-spin.svg","contentUrl":"https:\/\/pizzawalaberlin.com\/wp-content\/plugins\/wpforms-lite\/assets\/images\/submit-spin.svg"},{"@type":"BreadcrumbList","@id":"https:\/\/pizzawalaberlin.com\/book-us\/#breadcrumb","itemListElement":[{"@type":"ListItem","position":1,"name":"Home","item":"https:\/\/pizzawalaberlin.com\/"},{"@type":"ListItem","position":2,"name":"Book Us"}]},{"@type":"WebSite","@id":"https:\/\/pizzawalaberlin.com\/#website","url":"https:\/\/pizzawalaberlin.com\/","name":"Pizza Wala Berlin","description":"mobile Wood fired Pizza truck","publisher":{"@id":"https:\/\/pizzawalaberlin.com\/#organization"},"potentialAction":[{"@type":"SearchAction","target":{"@type":"EntryPoint","urlTemplate":"https:\/\/pizzawalaberlin.com\/?s={search_term_string}"},"query-input":{"@type":"PropertyValueSpecification","valueRequired":true,"valueName":"search_term_string"}}],"inLanguage":"de"},{"@type":"Organization","@id":"https:\/\/pizzawalaberlin.com\/#organization","name":"Pizza Wala Berlin - Pizza Truck","url":"https:\/\/pizzawalaberlin.com\/","logo":{"@type":"ImageObject","inLanguage":"de","@id":"https:\/\/pizzawalaberlin.com\/#\/schema\/logo\/image\/","url":"https:\/\/pizzawalaberlin.com\/wp-content\/uploads\/2021\/08\/cropped-210806_PW_LOGO_V1.0_RGB-4.png","contentUrl":"https:\/\/pizzawalaberlin.com\/wp-content\/uploads\/2021\/08\/cropped-210806_PW_LOGO_V1.0_RGB-4.png","width":512,"height":512,"caption":"Pizza Wala Berlin - Pizza Truck"},"image":{"@id":"https:\/\/pizzawalaberlin.com\/#\/schema\/logo\/image\/"},"sameAs":["https:\/\/www.facebook.com\/PizzaWalaBerlin\/","https:\/\/www.instagram.com\/pizza_wala_berlin\/"]}]}},"_links":{"self":[{"href":"https:\/\/pizzawalaberlin.com\/de\/wp-json\/wp\/v2\/pages\/1385","targetHints":{"allow":["GET"]}}],"collection":[{"href":"https:\/\/pizzawalaberlin.com\/de\/wp-json\/wp\/v2\/pages"}],"about":[{"href":"https:\/\/pizzawalaberlin.com\/de\/wp-json\/wp\/v2\/types\/page"}],"author":[{"embeddable":true,"href":"https:\/\/pizzawalaberlin.com\/de\/wp-json\/wp\/v2\/users\/1"}],"replies":[{"embeddable":true,"href":"https:\/\/pizzawalaberlin.com\/de\/wp-json\/wp\/v2\/comments?post=1385"}],"version-history":[{"count":91,"href":"https:\/\/pizzawalaberlin.com\/de\/wp-json\/wp\/v2\/pages\/1385\/revisions"}],"predecessor-version":[{"id":2307,"href":"https:\/\/pizzawalaberlin.com\/de\/wp-json\/wp\/v2\/pages\/1385\/revisions\/2307"}],"wp:attachment":[{"href":"https:\/\/pizzawalaberlin.com\/de\/wp-json\/wp\/v2\/media?parent=1385"}],"curies":[{"name":"wp","href":"https:\/\/api.w.org\/{rel}","templated":true}]}}